{"id":7789,"date":"2022-05-24T12:44:54","date_gmt":"2022-05-24T12:44:54","guid":{"rendered":"https:\/\/saaslandwp.com\/demo\/test\/?page_id=7789"},"modified":"2024-09-06T09:39:39","modified_gmt":"2024-09-06T08:39:39","slug":"pricing","status":"publish","type":"page","link":"https:\/\/sellista.shop\/fr\/pricing\/","title":{"rendered":"Tarifs"},"content":{"rendered":"<div data-elementor-type=\"wp-page\" data-elementor-id=\"7789\" class=\"elementor elementor-7789\">\n\t\t\t\t<div class=\"elementor-element elementor-element-52d4cea e-con-full e-flex e-con e-parent\" data-id=\"52d4cea\" data-element_type=\"container\">\n\t\t\t\t<div class=\"elementor-element elementor-element-c162241 elementor-widget__width-inherit elementor-widget elementor-widget-html\" data-id=\"c162241\" data-element_type=\"widget\" data-widget_type=\"html.default\">\n\t\t\t\t<div class=\"elementor-widget-container\">\n\t\t\t\t\t\r\n<input id=\"content_switcher\" class=\"toggle_switch toggle_switch-ios\" type=\"checkbox\" \/> \r\n<label class=\"toggle_switch-button\" tabindex=\"0\" for=\"content_switcher\"><\/label>\r\n\r\n\r\n\t\t<\/div>\n\t\t\t\t<\/div>\n\t\t\t\t<div class=\"elementor-element elementor-element-58efa19 elementor-widget elementor-widget-saasland-pricing-table\" data-id=\"58efa19\" data-element_type=\"widget\" data-widget_type=\"saasland-pricing-table.default\">\n\t\t\t\t<div class=\"elementor-widget-container\">\n\t\t\t<section class=\"s_pricing_area sec_pad\">\r\n    <div class=\"container custom_container\">\r\n        <div class=\"sec_title text-center mb_70 wow fadeInUp\" data-wow-delay=\"0.3s\">\r\n            <h2 class=\"f_p f_size_30 l_height50 f_600 t_color\"> Commencez votre essai gratuit aujourd'hui<\/h2>                <p class=\"f_300 f_size_18 l_height34\"> Chez Sellista, nous nous engageons \u00e0 proposer des options tarifaires abordables qui surpassent celles de nos concurrents. Notre plan tarifaire offre une valeur exceptionnelle pour les fonctionnalit\u00e9s et les services que nous fournissons. Voici les prix de notre plan tarifaire comp\u00e9titif : <\/p>\r\n                        <\/div>\r\n        <div class=\"row mb_30\">\r\n                            <div class=\"col-lg-4 col-sm-6\">\r\n                    <div class=\"s_pricing-item wow fadeInLeft\" data-wow-delay=\"0.4s\" style=\"background: ;\">\r\n                                                    <img decoding=\"async\" class=\"shape_img\" src=\"https:\/\/designagency.saaslandwp.net\/wp-content\/uploads\/2022\/08\/price_line1.png\" alt=\"Basic\">\r\n                                                    <div class=\"s_price_icon p_icon1\">\r\n                            <i style='color:#6559BB;' class=\"ti-clipboard\"><\/i>\r\n                        <\/div>\r\n                        <h5 class=\"f_p f_500 f_size_18 t_color mb-0 mt_40\">Basique <\/h5>                            <p class=\"f_p f_300\"> Des outils abordables dont les petites entreprises ont besoin pour g\u00e9rer leurs stocks et leurs actifs <\/p>\r\n                                                                                                        <div class=\"price f_size_40 f_p f_600\">\r\n                                <h1class=\"d-inline-flex\">$29<\/h1>                                                                    <sub class=\"f_300 f_size_16\"> \/ mois <\/sub>\r\n                                                            <\/div>\r\n                                                <ul class=\"list-unstyled mt_30\">\r\n                            <ul><li style=\"text-align: left\">1 Boutique en ligne<\/li><li style=\"text-align: left\">1 Utilisateur<\/li><li style=\"text-align: left\"><i class=\"fa-solid fa-circle-check text-primary\"><\/i>\u00a0Jusqu'\u00e0 100 commandes<\/li><li style=\"text-align: left\"><i class=\"fa-solid fa-circle-check text-primary\"><\/i>\u00a0Cat\u00e9gories illimit\u00e9es<\/li><li style=\"text-align: left\">\u00a0Jusqu'\u00e0 20 produits<\/li><li style=\"text-align: left\"><i class=\"fa-solid fa-circle-check text-primary\"><\/i>\u00a0Livraison<\/li><li style=\"text-align: left\">\u00a0Constructeur de site web de base<\/li><li style=\"text-align: left\">\u00a0Marque personnalis\u00e9e du magasin<\/li><li style=\"text-align: left\"><i class=\"fa-solid fa-circle-check text-primary\"><\/i>\u00a0Mod\u00e8les de base<\/li><li style=\"text-align: left\">Certificat SSL gratuit<\/li><li style=\"text-align: left\">H\u00e9bergement gratuit<\/li><li style=\"text-align: left\">Support par Email<\/li><\/ul>                        <\/ul>\r\n                                                    <a href='https:\/\/merchant.sellista.shop\/register?activestep=1' class=\"btn-saasland btn_three btn_hover\" >\r\n                                Commencez maintenant                            <\/a>\r\n                                            <\/div>\r\n                <\/div>\r\n                                <div class=\"col-lg-4 col-sm-6\">\r\n                    <div class=\"s_pricing-item wow fadeInUp\" data-wow-delay=\"0.6s\" style=\"background: ;\">\r\n                                                    <div class=\"tag_label blue_bg\"> Populaire <\/div>\r\n                                                        <img decoding=\"async\" class=\"shape_img\" src=\"https:\/\/designagency.saaslandwp.net\/wp-content\/uploads\/2022\/05\/price_line3.png\" alt=\"Professional\">\r\n                                                    <div class=\"s_price_icon p_icon1\">\r\n                            <i style='color:#6559BB;' class=\"ti-bar-chart\"><\/i>\r\n                        <\/div>\r\n                        <h5 class=\"f_p f_500 f_size_18 t_color mb-0 mt_40\">Professionnel <\/h5>                            <p class=\"f_p f_300\"> Solution de magasin \u00e9volutive pour les entreprises en croissance  <\/p>\r\n                                                                                                        <div class=\"price f_size_40 f_p f_600\">\r\n                                <h1class=\"d-inline-flex\">$59<\/h1>                                                                    <sub class=\"f_300 f_size_16\"> \/ mois <\/sub>\r\n                                                            <\/div>\r\n                                                <ul class=\"list-unstyled mt_30\">\r\n                            <ul class=\"list-none list-outside leading-loose\"><li style=\"text-align: left\">Toutes les caract\u00e9ristiques du plan basique<\/li><li style=\"text-align: left\"><i class=\"fa-solid fa-circle-check text-primary\"><\/i>\u00a0Nombre illimit\u00e9 de produits<\/li><li style=\"text-align: left\"><i class=\"fa-solid fa-circle-check text-primary\"><\/i>\u00a0Constructeur de site web avanc\u00e9 avec plus d'options de personnalisation<\/li><li style=\"text-align: left\"><i class=\"fa-solid fa-circle-check text-primary\"><\/i>\u00a0Mod\u00e8les Premium<\/li><li style=\"text-align: left\"><i class=\"fa-solid fa-circle-check text-primary\"><\/i>\u00a0Outils SEO\u00a0<\/li><li style=\"text-align: left\"><i class=\"fa-solid fa-circle-check text-primary\"><\/i>\u00a0Revue des produits<\/li><li style=\"text-align: left\"><i class=\"fa-solid fa-circle-check text-primary\"><\/i>\u00a0Notifications de retour en stock<\/li><li style=\"text-align: left\"><i class=\"fa-solid fa-circle-check text-primary\"><\/i>\u00a0Domaine personnalis\u00e9 avec certificat SSL<\/li><li style=\"text-align: left\"><i class=\"fa-solid fa-circle-check text-primary\"><\/i>\u00a0Assistance prioritaire par email et chat en direct<\/li><\/ul><p>\u00a0<\/p><p>\u00a0<\/p><p>\u00a0<\/p>                        <\/ul>\r\n                                                    <a href='https:\/\/merchant.sellista.shop\/register?activestep=1' class=\"btn-saasland btn_three btn_hover\" >\r\n                                Commencez maintenant                            <\/a>\r\n                                            <\/div>\r\n                <\/div>\r\n                                <div class=\"col-lg-4 col-sm-6\">\r\n                    <div class=\"s_pricing-item wow fadeInRight\" data-wow-delay=\"0.8s\" style=\"background: ;\">\r\n                                                    <img decoding=\"async\" class=\"shape_img\" src=\"https:\/\/designagency.saaslandwp.net\/wp-content\/uploads\/2022\/05\/price_line2.png\" alt=\"Entreprise\">\r\n                                                    <div class=\"s_price_icon p_icon1\">\r\n                            <i style='color:#6559BB;' class=\"ti-briefcase\"><\/i>\r\n                        <\/div>\r\n                        <h5 class=\"f_p f_500 f_size_18 t_color mb-0 mt_40\">Entreprise <\/h5>                            <p class=\"f_p f_300\"> Pour les organisations qui ont besoin d'une s\u00e9curit\u00e9, d'un contr\u00f4le et d'un soutien suppl\u00e9mentaires. <\/p>\r\n                                                                                                        <div class=\"price f_size_40 f_p f_600\">\r\n                                <h1class=\"d-inline-flex\">Obtenez un devis<\/h1>                                                            <\/div>\r\n                                                <ul class=\"list-unstyled mt_30\">\r\n                            <ul><li style=\"text-align: left\">Toutes les fonctionnalit\u00e9s du plan professionnel<\/li><\/ul><ul class=\"list-none list-outside leading-loose\"><li style=\"text-align: left\"><i class=\"fa-solid fa-circle-check text-primary\"><\/i>\u00a0Gestion des utilisateurs (plusieurs utilisateurs et r\u00f4les)<\/li><li style=\"text-align: left\"><i class=\"fa-solid fa-circle-check text-primary\"><\/i>\u00a0Outils de r\u00e9f\u00e9rencement avanc\u00e9s<\/li><li style=\"text-align: left\"><i class=\"fa-solid fa-circle-check text-primary\"><\/i>\u00a0Un gestionnaire de compte d\u00e9di\u00e9 pour l'assistance<\/li><\/ul><p>\u00a0<\/p><p>\u00a0<\/p><p>\u00a0<\/p><p>\u00a0<\/p><p>\u00a0<\/p><p>\u00a0<\/p><p>\u00a0<\/p>                        <\/ul>\r\n                                                    <a href='https:\/\/merchant.sellista.shop\/register?activestep=1' class=\"btn-saasland btn_three btn_hover\" >\r\n                                Obtenez un devis                            <\/a>\r\n                                            <\/div>\r\n                <\/div>\r\n                        <\/div>\r\n    <\/div>\r\n<\/section>\t\t<\/div>\n\t\t\t\t<\/div>\n\t\t\t\t<\/div>\n\t\t<div class=\"elementor-element elementor-element-89e14a3 e-flex e-con-boxed e-con e-parent\" data-id=\"89e14a3\" data-element_type=\"container\">\n\t\t\t\t\t<div class=\"e-con-inner\">\n\t\t\t\t<div class=\"elementor-element elementor-element-4de1d6d elementor-widget elementor-widget-html\" data-id=\"4de1d6d\" data-element_type=\"widget\" data-widget_type=\"html.default\">\n\t\t\t\t<div class=\"elementor-widget-container\">\n\t\t\t\t\r\n<script>\r\nif (!(document.querySelector('.elementor-editor-active'))){\r\n    let toggleSwitches = document.querySelectorAll('.toggle_switch'); \r\n    toggleSwitches.forEach((e,i) => {\r\n        let shown = e.closest('.elementor-element').nextElementSibling;\r\n        let toBeShown = shown.nextElementSibling;\r\n        toBeShown.style.display = 'none';\r\n        e.addEventListener('change', function(){\r\n            if (e.checked){\r\n            shown.style.display = 'none';\r\n            toBeShown.style.display = 'block';\r\n            } else {\r\n            shown.style.display = 'block';\r\n            toBeShown.style.display = 'none';\r\n            }\r\n        });\r\n    });\r\n}\r\n<\/script>\r\n<style>\r\n   \/* css for the toggle all switch, credits: https:\/\/codepen.io\/mallendeo\/pen\/QWKrEL *\/\r\n   .toggle_switch {\r\n  clip: rect(0 0 0 0);\r\n  clip-path: inset(50%);\r\n  height: 1px;\r\n  overflow: hidden;\r\n  position: absolute;\r\n  white-space: nowrap;\r\n  width: 1px;\r\n   }\r\n   .toggle_switch::-moz-selection, .toggle_switch:after::-moz-selection, .toggle_switch:before::-moz-selection, .toggle_switch *::-moz-selection, .toggle_switch *:after::-moz-selection, .toggle_switch *:before::-moz-selection, .toggle_switch + .toggle_switch-button::-moz-selection {\r\n   background: none;\r\n   }\r\n   .toggle_switch::selection, .toggle_switch:after::selection, .toggle_switch:before::selection, .toggle_switch *::selection, .toggle_switch *:after::selection, .toggle_switch *:before::selection, .toggle_switch + .toggle_switch-button::selection {\r\n   background: none;\r\n   }\r\n   .toggle_switch + .toggle_switch-button {\r\n   outline: 0;\r\n   display: block;\r\n   width: 4em;\r\n   height: 2em;\r\n   position: relative;\r\n   cursor: pointer;\r\n   left: 50%;\r\n   transform: translateX(-50%);\r\n   -webkit-user-select: none;\r\n   -moz-user-select: none;\r\n   -ms-user-select: none;\r\n   user-select: none;\r\n   }\r\n   .toggle_switch + .toggle_switch-button:after, .toggle_switch + .toggle_switch-button:before {\r\n   position: relative;\r\n   display: block;\r\n   content: \"\";\r\n   width: 50%;\r\n   height: 100%;\r\n   }\r\n   .toggle_switch + .toggle_switch-button:after {\r\n   left: 0;\r\n   }\r\n   .toggle_switch + .toggle_switch-button:before {\r\n   display: none;\r\n   }\r\n   .toggle_switch:checked + .toggle_switch-button:after {\r\n   left: 50%;\r\n   }\r\n   .toggle_switch-ios + .toggle_switch-button {\r\n   background: #808285;\r\n   border-radius: 2em;\r\n   padding: 2px;\r\n   -webkit-transition: all .4s ease;\r\n   transition: all .4s ease;\r\n   border: 1px solid #e8eae9;\r\n   }\r\n   .toggle_switch-ios + .toggle_switch-button:after {\r\n   border-radius: 2em;\r\n   background: #fbfbfb;\r\n   -webkit-transition: left 0.3s cubic-bezier(0.175, 0.885, 0.32, 1.275), padding 0.3s ease, margin 0.3s ease;\r\n   transition: left 0.3s cubic-bezier(0.175, 0.885, 0.32, 1.275), padding 0.3s ease, margin 0.3s ease;\r\n   box-shadow: 0 0 0 1px rgba(0, 0, 0, 0.1), 0 4px 0 rgba(0, 0, 0, 0.08);\r\n   }\r\n   .toggle_switch-ios + .toggle_switch-button:hover:after {\r\n   will-change: padding;\r\n   }\r\n   .toggle_switch-ios + .toggle_switch-button:active {\r\n   box-shadow: inset 0 0 0 2em #e8eae9;\r\n   }\r\n   .toggle_switch-ios + .toggle_switch-button:active:after {\r\n   padding-right: .8em;\r\n   }\r\n   .toggle_switch-ios:checked + .toggle_switch-button {\r\n   background: #6559BB;\r\n   }\r\n   .toggle_switch-ios:checked + .toggle_switch-button:active {\r\n   box-shadow: none;\r\n   }\r\n   .toggle_switch-ios:checked + .toggle_switch-button:active:after {\r\n   margin-left: -.8em;\r\n   }\r\n<\/style>\r\n\t\t<\/div>\n\t\t\t\t<\/div>\n\t\t\t\t\t<\/div>\n\t\t\t\t<\/div>\n\t\t<div class=\"elementor-element elementor-element-160b54e e-flex e-con-boxed e-con e-parent\" data-id=\"160b54e\" data-element_type=\"container\">\n\t\t\t\t\t<div class=\"e-con-inner\">\n\t\t\t\t<div class=\"elementor-element elementor-element-8b198dc elementor-widget elementor-widget-text-editor\" data-id=\"8b198dc\" data-element_type=\"widget\" data-widget_type=\"text-editor.default\">\n\t\t\t\t<div class=\"elementor-widget-container\">\n\t\t\t<style>\/*! elementor - v3.21.0 - 26-05-2024 *\/\n.elementor-widget-text-editor.elementor-drop-cap-view-stacked .elementor-drop-cap{background-color:#69727d;color:#fff}.elementor-widget-text-editor.elementor-drop-cap-view-framed .elementor-drop-cap{color:#69727d;border:3px solid;background-color:transparent}.elementor-widget-text-editor:not(.elementor-drop-cap-view-default) .elementor-drop-cap{margin-top:8px}.elementor-widget-text-editor:not(.elementor-drop-cap-view-default) .elementor-drop-cap-letter{width:1em;height:1em}.elementor-widget-text-editor .elementor-drop-cap{float:left;text-align:center;line-height:1;font-size:50px}.elementor-widget-text-editor .elementor-drop-cap-letter{display:inline-block}<\/style>\t\t\t\t<p style=\"text-align: center;\">Profitez de notre offre exclusive : Lorsque vous vous abonnez pour 6 mois, vous n'en payez que 5 - le 6e mois est \u00e0 notre charge. Si vous optez pour une ann\u00e9e compl\u00e8te, vous ne paierez que 10 mois et recevrez 2 mois suppl\u00e9mentaires gratuits. R\u00e9alisez ces \u00e9conomies d\u00e8s aujourd'hui et maximisez la valeur de votre abonnement.<\/p>\t\t\t\t\t\t<\/div>\n\t\t\t\t<\/div>\n\t\t\t\t\t<\/div>\n\t\t\t\t<\/div>\n\t\t\t\t<\/div>","protected":false},"excerpt":{"rendered":"<p>Start Your Free Trial Today At Sellista, we are committed to providing affordable pricing options that beat our competitors. Our pricing plan offers exceptional value for the features and services we provide. Here are the prices for our competitive pricing plan: Basic Affordable tools small businesses need to manage their inventory and assets $29 \/&#8230;<\/p>","protected":false},"author":1,"featured_media":0,"parent":0,"menu_order":0,"comment_status":"closed","ping_status":"closed","template":"page-fullwidth.php","meta":{"content-type":"","footnotes":""},"acf":[],"_links":{"self":[{"href":"https:\/\/sellista.shop\/fr\/wp-json\/wp\/v2\/pages\/7789"}],"collection":[{"href":"https:\/\/sellista.shop\/fr\/wp-json\/wp\/v2\/pages"}],"about":[{"href":"https:\/\/sellista.shop\/fr\/wp-json\/wp\/v2\/types\/page"}],"author":[{"embeddable":true,"href":"https:\/\/sellista.shop\/fr\/wp-json\/wp\/v2\/users\/1"}],"replies":[{"embeddable":true,"href":"https:\/\/sellista.shop\/fr\/wp-json\/wp\/v2\/comments?post=7789"}],"version-history":[{"count":176,"href":"https:\/\/sellista.shop\/fr\/wp-json\/wp\/v2\/pages\/7789\/revisions"}],"predecessor-version":[{"id":12781,"href":"https:\/\/sellista.shop\/fr\/wp-json\/wp\/v2\/pages\/7789\/revisions\/12781"}],"wp:attachment":[{"href":"https:\/\/sellista.shop\/fr\/wp-json\/wp\/v2\/media?parent=7789"}],"curies":[{"name":"wp","href":"https:\/\/api.w.org\/{rel}","templated":true}]}}