{"id":11601,"date":"2023-05-17T09:00:06","date_gmt":"2023-05-17T09:00:06","guid":{"rendered":"https:\/\/designagency.saaslandwp.net\/?page_id=3"},"modified":"2024-09-02T15:15:31","modified_gmt":"2024-09-02T14:15:31","slug":"privacy-policy","status":"publish","type":"page","link":"https:\/\/sellista.shop\/fr\/privacy-policy\/","title":{"rendered":"Politique de confidentialit\u00e9"},"content":{"rendered":"<div data-elementor-type=\"wp-page\" data-elementor-id=\"11601\" class=\"elementor elementor-11601\">\n\t\t\t\t<div class=\"elementor-element elementor-element-581dc802 e-flex e-con-boxed e-con e-parent\" data-id=\"581dc802\" data-element_type=\"container\">\n\t\t\t\t\t<div class=\"e-con-inner\">\n\t\t\t\t<div class=\"elementor-element elementor-element-7e18b772 elementor-widget elementor-widget-text-editor\" data-id=\"7e18b772\" data-element_type=\"widget\" data-widget_type=\"text-editor.default\">\n\t\t\t\t<div class=\"elementor-widget-container\">\n\t\t\t<style>\/*! elementor - v3.21.0 - 26-05-2024 *\/\n.elementor-widget-text-editor.elementor-drop-cap-view-stacked .elementor-drop-cap{background-color:#69727d;color:#fff}.elementor-widget-text-editor.elementor-drop-cap-view-framed .elementor-drop-cap{color:#69727d;border:3px solid;background-color:transparent}.elementor-widget-text-editor:not(.elementor-drop-cap-view-default) .elementor-drop-cap{margin-top:8px}.elementor-widget-text-editor:not(.elementor-drop-cap-view-default) .elementor-drop-cap-letter{width:1em;height:1em}.elementor-widget-text-editor .elementor-drop-cap{float:left;text-align:center;line-height:1;font-size:50px}.elementor-widget-text-editor .elementor-drop-cap-letter{display:inline-block}<\/style>\t\t\t\t<h1><span style=\"font-weight: 400;\">Aper\u00e7u g\u00e9n\u00e9ral<\/span><\/h1>\n<p><span style=\"font-weight: 400;\">Sellista LLC ( \u00bb nous \u201c, \u201d notre \u201c, \u201d nos \u00bb) s'engage \u00e0 prot\u00e9ger votre vie priv\u00e9e. La pr\u00e9sente politique de confidentialit\u00e9 d\u00e9crit la mani\u00e8re dont Sellista recueille, utilise et divulgue vos informations personnelles lorsque vous visitez ou effectuez un achat sur www.sellista.shop et merchant.sellista.shop (les \u00ab sites \u00bb).<\/span><\/p>\n<p><\/p>\n<h1><span style=\"font-weight: 400;\">Informations collect\u00e9es<\/span><\/h1>\n<p><span style=\"font-weight: 400;\">Informations personnelles<\/span><\/p>\n<p><span style=\"font-weight: 400;\">Lorsque vous visitez les sites, nous recueillons certaines informations sur votre appareil, votre interaction avec les sites et les informations n\u00e9cessaires au traitement de vos achats. Nous pouvons \u00e9galement recueillir des informations suppl\u00e9mentaires si vous nous contactez pour une assistance \u00e0 la client\u00e8le. Dans la pr\u00e9sente politique de confidentialit\u00e9, nous d\u00e9signons par \u00ab informations personnelles \u00bb toute information permettant d'identifier une personne de mani\u00e8re unique (y compris les informations ci-dessous).<\/span><\/p>\n<p><\/p>\n<h2><span style=\"font-weight: 400;\">Informations sur l'appareil<\/span><\/h2>\n<p><\/p>\n<p><span style=\"font-weight: 400;\">Exemples d'informations personnelles collect\u00e9es : version du navigateur web, adresse IP, fuseau horaire, informations sur les cookies, sites ou produits que vous consultez, termes de recherche et mani\u00e8re dont vous interagissez avec les sites.<\/span><\/p>\n<p><span style=\"font-weight: 400;\">Objectif de la collecte : charger les sites avec pr\u00e9cision pour vous et effectuer des analyses sur l'utilisation des sites afin d'optimiser nos sites.<\/span><\/p>\n<p><span style=\"font-weight: 400;\">Source de la collecte : Les donn\u00e9es sont collect\u00e9es automatiquement lorsque vous acc\u00e9dez \u00e0 nos sites \u00e0 l'aide de cookies, de fichiers journaux, de balises web, de tags ou de pixels.<\/span><\/p>\n<p><span style=\"font-weight: 400;\">Divulgation \u00e0 des fins commerciales : partag\u00e9e avec notre sous-traitant Sellista.<\/span><\/p>\n<p><\/p>\n<h2><span style=\"font-weight: 400;\">Informations sur les commandes<\/span><\/h2>\n<p><\/p>\n<p><span style=\"font-weight: 400;\">Exemples d'informations personnelles collect\u00e9es : nom, adresse de facturation, adresse de livraison, informations de paiement (y compris les num\u00e9ros de carte de cr\u00e9dit, l'adresse \u00e9lectronique et le num\u00e9ro de t\u00e9l\u00e9phone).<\/span><\/p>\n<p><span style=\"font-weight: 400;\">Objectif de la collecte : vous fournir des produits ou des services pour ex\u00e9cuter notre contrat, traiter vos informations de paiement, organiser l'exp\u00e9dition et vous fournir des factures et\/ou des confirmations de commande, communiquer avec vous, examiner nos commandes pour d\u00e9tecter les risques potentiels ou les fraudes et, conform\u00e9ment aux pr\u00e9f\u00e9rences que vous avez partag\u00e9es avec nous, vous fournir des informations ou de la publicit\u00e9 concernant nos produits ou nos services.<\/span><\/p>\n<p><span style=\"font-weight: 400;\">Source de la collecte : collect\u00e9e aupr\u00e8s de vous.<\/span><\/p>\n<p><span style=\"font-weight: 400;\">Divulgation \u00e0 des fins commerciales : partag\u00e9e avec notre sous-traitant Sellista.<\/span><\/p>\n<p><\/p>\n<h2><span style=\"font-weight: 400;\">Informations sur l'assistance \u00e0 la client\u00e8le<\/span><\/h2>\n<p><\/p>\n<p><span style=\"font-weight: 400;\">Exemples d'informations personnelles collect\u00e9es : nom, adresse \u00e9lectronique, adresse IP et toute autre information que vous fournissez au cours du processus d'assistance \u00e0 la client\u00e8le.<\/span><\/p>\n<p><span style=\"font-weight: 400;\">Objectif de la collecte : fournir une assistance \u00e0 la client\u00e8le.<\/span><\/p>\n<p><span style=\"font-weight: 400;\">Source de la collecte : collect\u00e9e aupr\u00e8s de vous.<\/span><\/p>\n<p><span style=\"font-weight: 400;\">Divulgation \u00e0 des fins professionnelles : partag\u00e9e avec notre plateforme d'assistance \u00e0 la client\u00e8le.<\/span><\/p>\n<p><\/p>\n<h1><span style=\"font-weight: 400;\">Comment nous utilisons vos informations<\/span><\/h1>\n<p><span style=\"font-weight: 400;\">Nous utilisons les informations que nous recueillons de la mani\u00e8re suivante :<\/span><\/p>\n<p><\/p>\n<ul>\n<li style=\"font-weight: 400;\" aria-level=\"1\"><span style=\"font-weight: 400;\">Fournir, exploiter et maintenir notre site web et nos services : Veiller \u00e0 ce que les sites fonctionnent correctement et soient optimis\u00e9s pour votre utilisation.<\/span><\/li>\n<li style=\"font-weight: 400;\" aria-level=\"1\"><span style=\"font-weight: 400;\">Am\u00e9liorer, personnaliser et d\u00e9velopper notre site web et nos services : D\u00e9velopper de nouvelles fonctionnalit\u00e9s et de nouveaux services pour mieux r\u00e9pondre \u00e0 vos besoins.<\/span><\/li>\n<li style=\"font-weight: 400;\" aria-level=\"1\"><span style=\"font-weight: 400;\">Comprendre et analyser la mani\u00e8re dont vous utilisez notre site web et nos services : Contr\u00f4ler et analyser l'utilisation et les tendances afin d'am\u00e9liorer votre exp\u00e9rience.<\/span><\/li>\n<li style=\"font-weight: 400;\" aria-level=\"1\"><span style=\"font-weight: 400;\">D\u00e9velopper de nouveaux produits, services, caract\u00e9ristiques et fonctionnalit\u00e9s : Innover et am\u00e9liorer nos offres.<\/span><\/li>\n<li style=\"font-weight: 400;\" aria-level=\"1\"><span style=\"font-weight: 400;\">Pour communiquer avec vous : Vous envoyer des mises \u00e0 jour, des documents marketing et promotionnels relatifs \u00e0 nos produits et services.<\/span><\/li>\n<li style=\"font-weight: 400;\" aria-level=\"1\"><span style=\"font-weight: 400;\">Traiter vos transactions et g\u00e9rer vos commandes : Traitement de la facturation, de l'exp\u00e9dition et des confirmations de commande.<\/span><\/li>\n<li style=\"font-weight: 400;\" aria-level=\"1\"><span style=\"font-weight: 400;\">D\u00e9tecter et pr\u00e9venir la fraude : Assurer la s\u00e9curit\u00e9 et l'int\u00e9grit\u00e9 de notre plateforme.<\/span><\/li>\n<li style=\"font-weight: 400;\" aria-level=\"1\"><span style=\"font-weight: 400;\">Respecter les obligations l\u00e9gales : Respecter nos obligations l\u00e9gales et r\u00e9glementaires.<\/span><\/li>\n<\/ul>\n<h1><span style=\"font-weight: 400;\">Partager vos informations<\/span><\/h1>\n<p><span style=\"font-weight: 400;\">Nous pouvons partager les informations que nous recueillons avec des tiers dans les circonstances suivantes :<\/span><\/p>\n<p><\/p>\n<h2><span style=\"font-weight: 400;\">Prestataires de services<\/span><\/h2>\n<p><span style=\"font-weight: 400;\">Nous pouvons partager vos informations avec des prestataires de services tiers qui fournissent des services en notre nom, tels que le traitement des paiements, l'analyse des donn\u00e9es, l'envoi de courriels, les services d'h\u00e9bergement, le service \u00e0 la client\u00e8le et l'assistance marketing.<\/span><\/p>\n<p><\/p>\n<h2><span style=\"font-weight: 400;\">Transferts d'entreprises<\/span><\/h2>\n<p><span style=\"font-weight: 400;\">Nous pouvons partager ou transf\u00e9rer vos informations dans le cadre d'une fusion, d'une vente d'actifs de la soci\u00e9t\u00e9, d'un financement ou d'une acquisition de tout ou partie de nos activit\u00e9s \u00e0 une autre soci\u00e9t\u00e9, ou pendant les n\u00e9gociations relatives \u00e0 une telle op\u00e9ration.<\/span><\/p>\n<p><\/p>\n<h2><span style=\"font-weight: 400;\">Exigences l\u00e9gales<\/span><\/h2>\n<p><span style=\"font-weight: 400;\">Nous pouvons divulguer vos informations lorsque nous sommes l\u00e9galement tenus de le faire pour nous conformer \u00e0 la l\u00e9gislation applicable, aux demandes gouvernementales, \u00e0 une proc\u00e9dure judiciaire, \u00e0 une ordonnance d'un tribunal ou \u00e0 une proc\u00e9dure l\u00e9gale.<\/span><\/p>\n<p><\/p>\n<h1><span style=\"font-weight: 400;\">S\u00e9curit\u00e9 de vos informations<\/span><\/h1>\n<p><span style=\"font-weight: 400;\">Nous utilisons des mesures de s\u00e9curit\u00e9 administratives, techniques et physiques pour prot\u00e9ger vos informations personnelles. Bien que nous ayons pris des mesures raisonnables pour s\u00e9curiser les informations personnelles que vous nous fournissez, sachez qu'en d\u00e9pit de nos efforts, aucune mesure de s\u00e9curit\u00e9 n'est parfaite ou imp\u00e9n\u00e9trable, et qu'aucune m\u00e9thode de transmission de donn\u00e9es ne peut \u00eatre garantie contre toute interception ou tout autre type d'abus.<\/span><\/p>\n<p><\/p>\n<h1><span style=\"font-weight: 400;\">Vos droits \u00e0 la vie priv\u00e9e<\/span><\/h1>\n<p><span style=\"font-weight: 400;\">En fonction de votre lieu de r\u00e9sidence, vous pouvez b\u00e9n\u00e9ficier des droits suivants concernant vos informations personnelles :<\/span><\/p>\n<p><\/p>\n<ul>\n<li style=\"font-weight: 400;\" aria-level=\"1\"><span style=\"font-weight: 400;\">Le droit d'acc\u00e8s : Vous avez le droit de demander des copies de vos donn\u00e9es personnelles.<\/span><\/li>\n<li style=\"font-weight: 400;\" aria-level=\"1\"><span style=\"font-weight: 400;\">Le droit de rectification : Vous avez le droit de nous demander de corriger toute information que vous jugez inexacte ou de compl\u00e9ter toute information que vous jugez incompl\u00e8te.<\/span><\/li>\n<li style=\"font-weight: 400;\" aria-level=\"1\"><span style=\"font-weight: 400;\">Le droit \u00e0 l'effacement : vous avez le droit de nous demander d'effacer vos donn\u00e9es \u00e0 caract\u00e8re personnel, sous certaines conditions.<\/span><\/li>\n<li style=\"font-weight: 400;\" aria-level=\"1\"><span style=\"font-weight: 400;\">Le droit de restreindre le traitement : Vous avez le droit de demander que nous limitions le traitement de vos donn\u00e9es \u00e0 caract\u00e8re personnel, sous certaines conditions.<\/span><\/li>\n<li style=\"font-weight: 400;\" aria-level=\"1\"><span style=\"font-weight: 400;\">Le droit de s'opposer au traitement : Vous avez le droit de vous opposer au traitement de vos donn\u00e9es personnelles, sous certaines conditions.<\/span><\/li>\n<li style=\"font-weight: 400;\" aria-level=\"1\"><span style=\"font-weight: 400;\">Le droit \u00e0 la portabilit\u00e9 des donn\u00e9es : Vous avez le droit de nous demander de transf\u00e9rer les donn\u00e9es que nous avons collect\u00e9es \u00e0 une autre organisation, ou directement \u00e0 vous, sous certaines conditions.<\/span><\/li>\n<\/ul>\n<p><span style=\"font-weight: 400;\">Si vous faites une demande, nous disposons d'un mois maximum pour vous r\u00e9pondre. Si vous souhaitez exercer l'un de ces droits, veuillez nous contacter aux coordonn\u00e9es indiqu\u00e9es.<\/span><\/p>\n<p><\/p>\n<h1><span style=\"font-weight: 400;\">Modifications de la pr\u00e9sente politique de confidentialit\u00e9<\/span><\/h1>\n<p><span style=\"font-weight: 400;\">Nous pouvons mettre \u00e0 jour notre politique de confidentialit\u00e9 de temps \u00e0 autre. Nous vous informerons de toute modification en publiant la nouvelle politique de confidentialit\u00e9 sur cette page. Nous vous conseillons de consulter r\u00e9guli\u00e8rement la pr\u00e9sente politique de confidentialit\u00e9 pour prendre connaissance des \u00e9ventuelles modifications. Les modifications apport\u00e9es \u00e0 la pr\u00e9sente politique de confidentialit\u00e9 entrent en vigueur au moment o\u00f9 elles sont publi\u00e9es sur cette page.<\/span><\/p>\n<p><\/p>\n<h1><span style=\"font-weight: 400;\">Contactez-nous<\/span><\/h1>\n<p><span style=\"font-weight: 400;\">Si vous avez des questions concernant cette politique de confidentialit\u00e9, veuillez nous contacter :<\/span><\/p>\n<p><\/p>\n<ul>\n<li style=\"font-weight: 400;\" aria-level=\"1\"><span style=\"font-weight: 400;\">Par email : contact@sellista.shop<\/span><\/li>\n<li style=\"font-weight: 400;\" aria-level=\"1\"><span style=\"font-weight: 400;\">En visitant cette page sur notre site web : www.sellista.shop\/contact<\/span><\/li>\n<\/ul>\t\t\t\t\t\t<\/div>\n\t\t\t\t<\/div>\n\t\t\t\t\t<\/div>\n\t\t\t\t<\/div>\n\t\t\t\t<\/div>","protected":false},"excerpt":{"rendered":"<p>Overview Sellista LLC (&#8220;we&#8221;, &#8220;our&#8221;, &#8220;us&#8221;) is committed to protecting your privacy. This Privacy Policy describes how Sellista collects, uses, and discloses your personal information when you visit or make a purchase from www.sellista.shop and merchant.sellista.shop (the &#8220;Sites&#8221;). Information We Collect Personal Information When you visit the Sites, we collect certain information about your device,&#8230;<\/p>","protected":false},"author":1,"featured_media":0,"parent":0,"menu_order":0,"comment_status":"closed","ping_status":"open","template":"","meta":{"content-type":"","footnotes":""},"acf":[],"_links":{"self":[{"href":"https:\/\/sellista.shop\/fr\/wp-json\/wp\/v2\/pages\/11601"}],"collection":[{"href":"https:\/\/sellista.shop\/fr\/wp-json\/wp\/v2\/pages"}],"about":[{"href":"https:\/\/sellista.shop\/fr\/wp-json\/wp\/v2\/types\/page"}],"author":[{"embeddable":true,"href":"https:\/\/sellista.shop\/fr\/wp-json\/wp\/v2\/users\/1"}],"replies":[{"embeddable":true,"href":"https:\/\/sellista.shop\/fr\/wp-json\/wp\/v2\/comments?post=11601"}],"version-history":[{"count":8,"href":"https:\/\/sellista.shop\/fr\/wp-json\/wp\/v2\/pages\/11601\/revisions"}],"predecessor-version":[{"id":12738,"href":"https:\/\/sellista.shop\/fr\/wp-json\/wp\/v2\/pages\/11601\/revisions\/12738"}],"wp:attachment":[{"href":"https:\/\/sellista.shop\/fr\/wp-json\/wp\/v2\/media?parent=11601"}],"curies":[{"name":"wp","href":"https:\/\/api.w.org\/{rel}","templated":true}]}}