{"id":11297,"date":"2024-03-13T13:20:45","date_gmt":"2024-03-13T13:20:45","guid":{"rendered":"http:\/\/3.70.128.158\/terms-and-conditions\/"},"modified":"2024-05-28T11:53:27","modified_gmt":"2024-05-28T10:53:27","slug":"terms-and-conditions","status":"publish","type":"page","link":"https:\/\/sellista.shop\/fr\/terms-and-conditions\/","title":{"rendered":"Conditions g\u00e9n\u00e9rales"},"content":{"rendered":"<div data-elementor-type=\"wp-page\" data-elementor-id=\"11297\" class=\"elementor elementor-11297\">\n\t\t\t\t<div class=\"elementor-element elementor-element-c6221ac e-flex e-con-boxed e-con e-parent\" data-id=\"c6221ac\" data-element_type=\"container\">\n\t\t\t\t\t<div class=\"e-con-inner\">\n\t\t\t\t<div class=\"elementor-element elementor-element-dfcef0a elementor-widget elementor-widget-text-editor\" data-id=\"dfcef0a\" data-element_type=\"widget\" data-widget_type=\"text-editor.default\">\n\t\t\t\t<div class=\"elementor-widget-container\">\n\t\t\t<style>\/*! elementor - v3.21.0 - 26-05-2024 *\/\n.elementor-widget-text-editor.elementor-drop-cap-view-stacked .elementor-drop-cap{background-color:#69727d;color:#fff}.elementor-widget-text-editor.elementor-drop-cap-view-framed .elementor-drop-cap{color:#69727d;border:3px solid;background-color:transparent}.elementor-widget-text-editor:not(.elementor-drop-cap-view-default) .elementor-drop-cap{margin-top:8px}.elementor-widget-text-editor:not(.elementor-drop-cap-view-default) .elementor-drop-cap-letter{width:1em;height:1em}.elementor-widget-text-editor .elementor-drop-cap{float:left;text-align:center;line-height:1;font-size:50px}.elementor-widget-text-editor .elementor-drop-cap-letter{display:inline-block}<\/style>\t\t\t\t<h4><strong>Conditions g\u00e9n\u00e9rales de Sellista<\/strong><\/h4><h5><strong>Introduction<\/strong><\/h5><p>Bienvenue sur Sellista ! Les pr\u00e9sentes conditions g\u00e9n\u00e9rales (\u00ab Conditions \u00bb, \u00ab Conditions g\u00e9n\u00e9rales \u00bb) r\u00e9gissent votre relation avec Sellista LLC (\u00ab nous \u00bb, \u00ab nous \u00bb ou \u00ab notre \u00bb) et l'utilisation de notre site web. <a href=\"https:\/\/sellista.shop\/fr\/\"><span style=\"color: #cc99ff;\">www.sellista.shop<\/span><\/a> et la plate-forme <span style=\"color: #cc99ff;\"><a style=\"color: #cc99ff;\" href=\"https:\/\/merchant.sellista.shop\">merchant.sellista.shop<\/a><\/span> (le \u00ab Service \u00bb).<\/p><p>Veuillez lire attentivement les pr\u00e9sentes conditions avant d'utiliser notre service. L'acc\u00e8s au service et son utilisation sont subordonn\u00e9s \u00e0 l'acceptation et au respect des pr\u00e9sentes conditions. Ces conditions s'appliquent \u00e0 tous les visiteurs, utilisateurs et autres personnes qui acc\u00e8dent au service ou l'utilisent.<\/p><p>En acc\u00e9dant au service ou en l'utilisant, vous acceptez d'\u00eatre li\u00e9 par les pr\u00e9sentes conditions. Si vous n'\u00eates pas d'accord avec une partie des conditions, vous ne pouvez pas acc\u00e9der au service.<\/p><h5><strong>Comptes<\/strong><\/h5><p>Lorsque vous cr\u00e9ez un compte chez nous, vous devez nous fournir des informations exactes, compl\u00e8tes et \u00e0 jour \u00e0 tout moment. Le non-respect de cette obligation constitue une violation des conditions, qui peut entra\u00eener la r\u00e9siliation imm\u00e9diate de votre compte sur notre service.<\/p><p>Vous \u00eates responsable de la protection du mot de passe que vous utilisez pour acc\u00e9der au service et de toutes les activit\u00e9s ou actions effectu\u00e9es avec votre mot de passe, que celui-ci soit utilis\u00e9 dans le cadre de notre service ou d'un service tiers.<\/p><p>Vous acceptez de ne pas divulguer votre mot de passe \u00e0 un tiers. Vous devez nous informer imm\u00e9diatement d\u00e8s que vous avez connaissance d'une violation de la s\u00e9curit\u00e9 ou d'une utilisation non autoris\u00e9e de votre compte.<\/p><h5><strong>Abonnements<\/strong><\/h5><h6><strong>Plans d'abonnement<\/strong><\/h6><p>Notre service est factur\u00e9 sur la base d'un abonnement (\u00ab abonnement(s) \u00bb). Vous serez factur\u00e9 \u00e0 l'avance sur une base r\u00e9currente et p\u00e9riodique (\u00ab Cycle de facturation \u00bb). Les cycles de facturation sont \u00e9tablis sur une base mensuelle ou annuelle, en fonction du type de plan d'abonnement que vous s\u00e9lectionnez lors de l'achat d'un Abonnement.<\/p><h6><strong>Facturation<\/strong><\/h6><p>\u00c0 la fin de chaque cycle de facturation, votre Abonnement sera automatiquement renouvel\u00e9 dans les m\u00eames conditions, \u00e0 moins que vous ne l'annuliez ou que Sellista ne l'annule. Vous pouvez annuler le renouvellement de votre Abonnement soit par le biais de votre page de gestion de compte en ligne, soit en contactant l'\u00e9quipe d'assistance \u00e0 la client\u00e8le de Sellista.<\/p><p>Une m\u00e9thode de paiement valide, y compris une carte de cr\u00e9dit ou PayPal, est requise pour traiter le paiement de votre Abonnement. Vous devez fournir \u00e0 Sellista des informations de facturation exactes et compl\u00e8tes, y compris le nom complet, l'adresse, l'\u00e9tat, le code postal, le num\u00e9ro de t\u00e9l\u00e9phone et une m\u00e9thode de paiement valide. En soumettant ces informations de paiement, vous autorisez automatiquement Sellista \u00e0 facturer tous les frais d'abonnement encourus par l'interm\u00e9diaire de votre compte \u00e0 l'un quelconque de ces instruments de paiement.<\/p><p>Si, pour quelque raison que ce soit, la facturation automatique n'a pas lieu, Sellista \u00e9mettra une facture \u00e9lectronique indiquant que vous devez proc\u00e9der manuellement, dans un certain d\u00e9lai, au paiement int\u00e9gral correspondant \u00e0 la p\u00e9riode de facturation telle qu'indiqu\u00e9e sur la facture.<\/p><h6><strong>Modifications des droits<\/strong><\/h6><p>Sellista peut, \u00e0 sa seule discr\u00e9tion et \u00e0 tout moment, modifier les frais d'abonnement pour les abonnements. Toute modification des frais d'abonnement entrera en vigueur \u00e0 la fin du cycle de facturation en cours.<\/p><p>Sellista vous donnera un pr\u00e9avis raisonnable de toute modification des frais d'abonnement afin de vous donner la possibilit\u00e9 de r\u00e9silier votre abonnement avant que cette modification n'entre en vigueur.<\/p><p>En continuant \u00e0 utiliser le Service apr\u00e8s l'entr\u00e9e en vigueur de la modification des frais d'abonnement, vous acceptez de payer le montant modifi\u00e9 des frais d'abonnement.<\/p><h5><strong>Achats uniques<\/strong><\/h5><p>Outre les plans d'abonnement, Sellista propose certains produits et services disponibles pour un achat unique, tels que les \u00e9tiquettes d'exp\u00e9dition et les noms de domaine pour votre boutique.<\/p><h6><strong>Paiement<\/strong><\/h6><p>Une m\u00e9thode de paiement valide, y compris une carte de cr\u00e9dit ou PayPal, est requise pour traiter les achats uniques. Vous devez fournir \u00e0 Sellista des informations de facturation exactes et compl\u00e8tes, y compris le nom complet, l'adresse, l'\u00e9tat, le code postal, le num\u00e9ro de t\u00e9l\u00e9phone et une m\u00e9thode de paiement valide. En soumettant ces informations de paiement, vous autorisez automatiquement Sellista \u00e0 imputer tous les frais encourus pour des achats uniques \u00e0 ces instruments de paiement.<\/p><h6><strong>Modifications des droits<\/strong><\/h6><p>Sellista se r\u00e9serve le droit de modifier \u00e0 tout moment les prix des achats uniques. Nous vous informerons de toute modification de prix sur nos sites.<\/p><h5><strong>Utilisation du service<\/strong><\/h5><h6><strong>Utilisations interdites<\/strong><\/h6><p>Vous ne pouvez utiliser le service qu'\u00e0 des fins l\u00e9gales et conform\u00e9ment aux pr\u00e9sentes conditions. Vous vous engagez \u00e0 ne pas utiliser le service :<\/p><ul><li>D'une mani\u00e8re qui enfreint toute loi ou r\u00e9glementation f\u00e9d\u00e9rale, nationale, locale ou internationale applicable.<\/li><li>dans le but d'exploiter, de nuire ou de tenter d'exploiter ou de nuire \u00e0 des mineurs de quelque mani\u00e8re que ce soit en les exposant \u00e0 un contenu inappropri\u00e9 ou autre.<\/li><li>transmettre ou faire envoyer tout mat\u00e9riel publicitaire ou promotionnel, y compris tout \u00ab courrier ind\u00e9sirable \u00bb, \u00ab lettre en cha\u00eene \u00bb, \u00ab spam \u00bb ou toute autre sollicitation similaire.<\/li><li>Usurper ou tenter d'usurper l'identit\u00e9 de Sellista, d'un employ\u00e9 de Sellista, d'un autre utilisateur ou de toute autre personne ou entit\u00e9.<\/li><li>S'engager dans toute autre conduite qui restreint ou emp\u00eache l'utilisation ou la jouissance du Service par quiconque, ou qui, comme nous le d\u00e9terminons, peut nuire \u00e0 Sellista ou aux utilisateurs du Service ou les exposer \u00e0 une responsabilit\u00e9.<\/li><\/ul><h6><strong>Contenu de l'utilisateur<\/strong><\/h6><p>Notre service vous permet de publier, d'\u00e9tablir des liens, de stocker, de partager et de mettre \u00e0 disposition certaines informations, textes, graphiques, vid\u00e9os ou autres mat\u00e9riels (\u00ab contenu utilisateur \u00bb). Vous \u00eates responsable du contenu utilisateur que vous publiez sur le service, y compris de sa l\u00e9galit\u00e9, de sa fiabilit\u00e9 et de son caract\u00e8re appropri\u00e9.<\/p><p>En publiant du contenu utilisateur sur le service, vous nous accordez le droit et la licence d'utiliser, de modifier, d'ex\u00e9cuter publiquement, d'afficher publiquement, de reproduire et de distribuer ce contenu utilisateur sur et par l'interm\u00e9diaire du service. Vous conservez tous vos droits sur tout contenu utilisateur que vous soumettez, publiez ou affichez sur ou par l'interm\u00e9diaire du service et vous \u00eates responsable de la protection de ces droits.<\/p><p>Vous acceptez que cette licence inclut le droit de mettre votre contenu utilisateur \u00e0 la disposition d'autres utilisateurs du service, qui peuvent \u00e9galement utiliser votre contenu utilisateur conform\u00e9ment aux pr\u00e9sentes conditions.<\/p><h5><strong>Propri\u00e9t\u00e9 intellectuelle<\/strong><\/h5><p>Le service et son contenu original (\u00e0 l'exclusion du contenu utilisateur), ses caract\u00e9ristiques et sa fonctionnalit\u00e9 sont et resteront la propri\u00e9t\u00e9 exclusive de Sellista et de ses conc\u00e9dants de licence. Le Service est prot\u00e9g\u00e9 par le droit d'auteur, le droit des marques et d'autres lois des \u00c9tats-Unis et de pays \u00e9trangers. Nos marques et notre habillage commercial ne peuvent \u00eatre utilis\u00e9s en relation avec un quelconque produit ou service sans l'accord \u00e9crit pr\u00e9alable de Sellista.<\/p><h5><strong>R\u00e9siliation<\/strong><\/h5><p>Nous pouvons r\u00e9silier ou suspendre votre compte imm\u00e9diatement, sans pr\u00e9avis ni responsabilit\u00e9, pour quelque raison que ce soit, y compris, mais sans s'y limiter, si vous ne respectez pas les conditions.<\/p><p>En cas de r\u00e9siliation, votre droit d'utiliser le service cessera imm\u00e9diatement. Si vous souhaitez r\u00e9silier votre compte, vous pouvez simplement cesser d'utiliser le service.<\/p><h5><strong>Limitation de la responsabilit\u00e9<\/strong><\/h5><p>En aucun cas Sellista, ni ses administrateurs, employ\u00e9s, partenaires, agents, fournisseurs ou affili\u00e9s, ne seront responsables des dommages indirects, accessoires, sp\u00e9ciaux, cons\u00e9cutifs ou punitifs, y compris, mais sans s'y limiter, la perte de profits, de donn\u00e9es, d'utilisation, de fonds de commerce ou d'autres pertes intangibles, r\u00e9sultant de :<\/p><ul><li>Votre utilisation ou votre incapacit\u00e9 \u00e0 utiliser le service ;<\/li><li>Tout acc\u00e8s ou utilisation non autoris\u00e9 de nos serveurs et\/ou de toute information personnelle qui y est stock\u00e9e ;<\/li><li>Toute interruption ou cessation de transmission vers ou depuis le service ;<\/li><li>les bogues, virus, chevaux de Troie ou autres qui pourraient \u00eatre transmis \u00e0 notre service ou par son interm\u00e9diaire par un tiers ;<\/li><li>toute erreur ou omission dans tout contenu ou toute perte ou dommage r\u00e9sultant de l'utilisation de tout contenu affich\u00e9, envoy\u00e9 par courrier \u00e9lectronique, transmis ou rendu disponible de toute autre mani\u00e8re par le biais du service ; et\/ou<\/li><li>Tout contenu utilisateur ou comportement d'un tiers sur le service.<\/li><\/ul><h5><strong>Clause de non-responsabilit\u00e9<\/strong><\/h5><p>Vous utilisez le service \u00e0 vos risques et p\u00e9rils. Le service est fourni \u00ab EN L'\u00c9TAT \u00bb et \u00ab SELON LA DISPONIBILIT\u00c9 \u00bb. Le service est fourni sans garantie d'aucune sorte, qu'elle soit expresse ou implicite, y compris, mais sans s'y limiter, les garanties implicites de qualit\u00e9 marchande, d'ad\u00e9quation \u00e0 un usage particulier, d'absence de contrefa\u00e7on ou de mode d'ex\u00e9cution.<\/p><p>Sellista, ses filiales, ses soci\u00e9t\u00e9s affili\u00e9es et ses conc\u00e9dants de licence ne garantissent pas ce qui suit :<\/p><ul><li>Le service fonctionnera sans interruption, sera s\u00e9curis\u00e9 ou disponible \u00e0 tout moment et en tout lieu ;<\/li><li>Toute erreur ou d\u00e9faut sera corrig\u00e9 ;<\/li><li>le service est exempt de virus ou d'autres \u00e9l\u00e9ments nuisibles ; ou<\/li><li>Les r\u00e9sultats de l'utilisation du service r\u00e9pondront \u00e0 vos exigences.<\/li><\/ul><h5><strong>Droit applicable<\/strong><\/h5><p>Les pr\u00e9sentes conditions sont r\u00e9gies et interpr\u00e9t\u00e9es conform\u00e9ment aux lois de l'\u00c9tat du Delaware, \u00c9tats-Unis, sans tenir compte des dispositions relatives aux conflits de lois.<\/p><p>Le fait que nous ne fassions pas valoir un droit ou une disposition des pr\u00e9sentes conditions ne sera pas consid\u00e9r\u00e9 comme une renonciation \u00e0 ces droits. Si une disposition des pr\u00e9sentes conditions est jug\u00e9e invalide ou inapplicable par un tribunal, les autres dispositions des pr\u00e9sentes conditions resteront en vigueur. Les pr\u00e9sentes conditions constituent l'int\u00e9gralit\u00e9 de l'accord entre nous concernant notre service, et elles annulent et remplacent tout accord ant\u00e9rieur que nous aurions pu avoir entre nous concernant le service.<\/p><h5><strong>Changements<\/strong><\/h5><p>Nous nous r\u00e9servons le droit, \u00e0 notre seule discr\u00e9tion, de modifier ou de remplacer ces conditions \u00e0 tout moment. Si une r\u00e9vision est importante, nous nous efforcerons de donner un pr\u00e9avis d'au moins 30 jours avant l'entr\u00e9e en vigueur des nouvelles conditions. Ce qui constitue un changement important sera d\u00e9termin\u00e9 \u00e0 notre seule discr\u00e9tion.<\/p><p>En continuant \u00e0 acc\u00e9der \u00e0 notre service ou \u00e0 l'utiliser apr\u00e8s l'entr\u00e9e en vigueur de ces r\u00e9visions, vous acceptez d'\u00eatre li\u00e9 par les conditions r\u00e9vis\u00e9es. Si vous n'acceptez pas les nouvelles conditions, vous n'\u00eates plus autoris\u00e9 \u00e0 utiliser le service.<\/p><h5><strong>Contactez-nous<\/strong><\/h5><p>Si vous avez des questions concernant ces conditions, veuillez nous contacter :<\/p><ul><li>Par email : <a href=\"mailto:support@sellista.shop\">support@sellista.shop<\/a><\/li><li>En visitant cette page de notre site web : <a href=\"https:\/\/sellista.shop\/fr\/contact\/\">sellista.shop\/contact<\/a><\/li><\/ul>\t\t\t\t\t\t<\/div>\n\t\t\t\t<\/div>\n\t\t\t\t\t<\/div>\n\t\t\t\t<\/div>\n\t\t\t\t<\/div>","protected":false},"excerpt":{"rendered":"<p>Sellista Terms and Conditions Introduction Welcome to Sellista! These Terms and Conditions (\u201cTerms\u201d, \u201cTerms and Conditions\u201d) govern your relationship with Sellista LLC (\u201cus\u201d, \u201cwe\u201d, or \u201cour\u201d) and the use of our website www.sellista.shop and platform merchant.sellista.shop (the \u201cService\u201d). Please read these Terms and Conditions carefully before using our Service. Your access to and use of&#8230;<\/p>","protected":false},"author":1,"featured_media":0,"parent":0,"menu_order":0,"comment_status":"closed","ping_status":"closed","template":"","meta":{"content-type":"","footnotes":""},"acf":[],"_links":{"self":[{"href":"https:\/\/sellista.shop\/fr\/wp-json\/wp\/v2\/pages\/11297"}],"collection":[{"href":"https:\/\/sellista.shop\/fr\/wp-json\/wp\/v2\/pages"}],"about":[{"href":"https:\/\/sellista.shop\/fr\/wp-json\/wp\/v2\/types\/page"}],"author":[{"embeddable":true,"href":"https:\/\/sellista.shop\/fr\/wp-json\/wp\/v2\/users\/1"}],"replies":[{"embeddable":true,"href":"https:\/\/sellista.shop\/fr\/wp-json\/wp\/v2\/comments?post=11297"}],"version-history":[{"count":11,"href":"https:\/\/sellista.shop\/fr\/wp-json\/wp\/v2\/pages\/11297\/revisions"}],"predecessor-version":[{"id":12364,"href":"https:\/\/sellista.shop\/fr\/wp-json\/wp\/v2\/pages\/11297\/revisions\/12364"}],"wp:attachment":[{"href":"https:\/\/sellista.shop\/fr\/wp-json\/wp\/v2\/media?parent=11297"}],"curies":[{"name":"wp","href":"https:\/\/api.w.org\/{rel}","templated":true}]}}